{"id":413,"date":"2024-05-16T19:18:25","date_gmt":"2024-05-16T19:18:25","guid":{"rendered":"https:\/\/greinecker-k.web.kslinz.at\/greineckerk2024\/?page_id=413"},"modified":"2024-05-16T19:18:25","modified_gmt":"2024-05-16T19:18:25","slug":"datenschutzerklaerung","status":"publish","type":"page","link":"https:\/\/greinecker-k.web.kslinz.at\/greineckerk2024\/index.php\/datenschutzerklaerung\/","title":{"rendered":"Datenschutzerkl\u00e4rung"},"content":{"rendered":"\n<p>Stand: 16. Mai 2024<\/p>\n\n\n\n<h2 class=\"wp-block-heading\" id=\"m3\">Verantwortlicher<\/h2>\n\n\n\n<p>Katharina Greinecker<br>Niederprisching 12,<br>4614 Marchtrenk <\/p>\n\n\n\n<p>E-Mail-Adresse: greinecker.k@hlw.kslinz.at <\/p>\n\n\n\n<p class=\"has-raft-fg-color has-text-color has-link-color wp-elements-9b112093ab47f3c9ea97643499892ea5\" style=\"text-decoration:underline\">Impressum: <a href=\"https:\/\/greinecker-k.web.kslinz.at\/greineckerk2024\/index.php\/298-2\/\" target=\"_blank\" rel=\"noreferrer noopener\">https:\/\/greinecker-k.web.kslinz.at\/greineckerk2024\/index.php\/298-2\/<\/a><\/p>\n\n\n\n<h2 class=\"wp-block-heading\" id=\"mOverview\">\u00dcbersicht der Verarbeitungen<\/h2>\n\n\n\n<p>Die nachfolgende \u00dcbersicht fasst die Arten der verarbeiteten Daten und die Zwecke ihrer Verarbeitung zusammen und verweist auf die betroffenen Personen.<\/p>\n\n\n\n<h3 class=\"wp-block-heading\">Arten der verarbeiteten Daten<\/h3>\n\n\n\n<ul class=\"wp-block-list\">\n<li>Besch\u00e4ftigtendaten.<\/li>\n<\/ul>\n\n\n\n<h3 class=\"wp-block-heading\">Kategorien betroffener Personen<\/h3>\n\n\n\n<ul class=\"wp-block-list\">\n<li>Besch\u00e4ftigte.<\/li>\n<\/ul>\n\n\n\n<h3 class=\"wp-block-heading\">Zwecke der Verarbeitung<\/h3>\n\n\n\n<ul class=\"wp-block-list\">\n<li>Begr\u00fcndung und Durchf\u00fchrung von Besch\u00e4ftigungsverh\u00e4ltnissen.<\/li>\n\n\n\n<li>Gesch\u00e4ftsprozesse und betriebswirtschaftliche Verfahren.<\/li>\n<\/ul>\n\n\n\n<h2 class=\"wp-block-heading\" id=\"m2427\">Ma\u00dfgebliche Rechtsgrundlagen<\/h2>\n\n\n\n<p><strong>Ma\u00dfgebliche Rechtsgrundlagen nach der DSGVO: <\/strong>Im Folgenden erhalten Sie eine \u00dcbersicht der Rechtsgrundlagen der DSGVO, auf deren Basis wir personenbezogene Daten verarbeiten. Bitte nehmen Sie zur Kenntnis, dass neben den Regelungen der DSGVO nationale Datenschutzvorgaben in Ihrem bzw. unserem Wohn- oder Sitzland gelten k\u00f6nnen. Sollten ferner im Einzelfall speziellere Rechtsgrundlagen ma\u00dfgeblich sein, teilen wir Ihnen diese in der Datenschutzerkl\u00e4rung mit.<\/p>\n\n\n\n<ul class=\"wp-block-list\">\n<li><strong>Vertragserf\u00fcllung und vorvertragliche Anfragen (Art. 6 Abs. 1 S. 1 lit. b) DSGVO)<\/strong> &#8211; Die Verarbeitung ist f\u00fcr die Erf\u00fcllung eines Vertrags, dessen Vertragspartei die betroffene Person ist, oder zur Durchf\u00fchrung vorvertraglicher Ma\u00dfnahmen erforderlich, die auf Anfrage der betroffenen Person erfolgen.<\/li>\n\n\n\n<li><strong>Rechtliche Verpflichtung (Art. 6 Abs. 1 S. 1 lit. c) DSGVO)<\/strong> &#8211; Die Verarbeitung ist zur Erf\u00fcllung einer rechtlichen Verpflichtung erforderlich, der der Verantwortliche unterliegt.<\/li>\n\n\n\n<li><strong>Berechtigte Interessen (Art. 6 Abs. 1 S. 1 lit. f) DSGVO)<\/strong> &#8211; die Verarbeitung ist zur Wahrung der berechtigten Interessen des Verantwortlichen oder eines Dritten notwendig, vorausgesetzt, dass die Interessen, Grundrechte und Grundfreiheiten der betroffenen Person, die den Schutz personenbezogener Daten verlangen, nicht \u00fcberwiegen.<\/li>\n\n\n\n<li><strong>Verarbeitung besonderer Kategorien personenbezogener Daten in Bezug auf Gesundheitswesen, Beruf und soziale Sicherheit (Art. 9 Abs. 2 lit. h) DSGVO)<\/strong> &#8211; Die Verarbeitung ist f\u00fcr Zwecke der Gesundheitsvorsorge oder der Arbeitsmedizin, f\u00fcr die Beurteilung der Arbeitsf\u00e4higkeit des Besch\u00e4ftigten, f\u00fcr die medizinische Diagnostik, die Versorgung oder Behandlung im Gesundheits- oder Sozialbereich oder f\u00fcr die Verwaltung von Systemen und Diensten im Gesundheits- oder Sozialbereich auf der Grundlage des Unionsrechts oder des Rechts eines Mitgliedstaats oder aufgrund eines Vertrags mit einem Angeh\u00f6rigen eines Gesundheitsberufs erforderlich.<\/li>\n<\/ul>\n\n\n\n<p><strong>Nationale Datenschutzregelungen in \u00d6sterreich: <\/strong>Zus\u00e4tzlich zu den Datenschutzregelungen der DSGVO gelten nationale Regelungen zum Datenschutz in \u00d6sterreich. Hierzu geh\u00f6rt insbesondere das Bundesgesetz zum Schutz nat\u00fcrlicher Personen bei der Verarbeitung personenbezogener Daten (Datenschutzgesetz \u2013 DSG). Das Datenschutzgesetz enth\u00e4lt insbesondere Spezialregelungen zum Recht auf Auskunft, zum Recht auf Richtigstellung oder L\u00f6schung, zur Verarbeitung besonderer Kategorien personenbezogener Daten, zur Verarbeitung f\u00fcr andere Zwecke und zur \u00dcbermittlung sowie zur automatisierten Entscheidungsfindung im Einzelfall.<\/p>\n\n\n\n<p><strong>Hinweis auf Geltung DSGVO und Schweizer DSG: <\/strong>Diese Datenschutzhinweise dienen sowohl der Informationserteilung nach dem Schweizer DSG als auch nach der Datenschutzgrundverordnung (DSGVO). Aus diesem Grund bitten wir Sie zu beachten, dass aufgrund der breiteren r\u00e4umlichen Anwendung und Verst\u00e4ndlichkeit die Begriffe der DSGVO verwendet werden. Insbesondere statt der im Schweizer DSG verwendeten Begriffe \u201eBearbeitung&#8220; von \u201ePersonendaten&#8220;, &#8222;\u00fcberwiegendes Interesse&#8220; und &#8222;besonders sch\u00fctzenswerte Personendaten&#8220; werden die in der DSGVO verwendeten Begriffe \u201eVerarbeitung&#8220; von \u201epersonenbezogenen Daten&#8220; sowie &#8222;berechtigtes Interesse&#8220; und &#8222;besondere Kategorien von Daten&#8220; verwendet. Die gesetzliche Bedeutung der Begriffe wird jedoch im Rahmen der Geltung des Schweizer DSG weiterhin nach dem Schweizer DSG bestimmt.<\/p>\n\n\n\n<h2 class=\"wp-block-heading\" id=\"m27\">Sicherheitsma\u00dfnahmen<\/h2>\n\n\n\n<p>Wir treffen nach Ma\u00dfgabe der gesetzlichen Vorgaben unter Ber\u00fccksichtigung des Stands der Technik, der Implementierungskosten und der Art, des Umfangs, der Umst\u00e4nde und der Zwecke der Verarbeitung sowie der unterschiedlichen Eintrittswahrscheinlichkeiten und des Ausma\u00dfes der Bedrohung der Rechte und Freiheiten nat\u00fcrlicher Personen geeignete technische und organisatorische Ma\u00dfnahmen, um ein dem Risiko angemessenes Schutzniveau zu gew\u00e4hrleisten.<\/p>\n\n\n\n<p>Zu den Ma\u00dfnahmen geh\u00f6ren insbesondere die Sicherung der Vertraulichkeit, Integrit\u00e4t und Verf\u00fcgbarkeit von Daten durch Kontrolle des physischen und elektronischen Zugangs zu den Daten als auch des sie betreffenden Zugriffs, der Eingabe, der Weitergabe, der Sicherung der Verf\u00fcgbarkeit und ihrer Trennung. Des Weiteren haben wir Verfahren eingerichtet, die eine Wahrnehmung von Betroffenenrechten, die L\u00f6schung von Daten und Reaktionen auf die Gef\u00e4hrdung der Daten gew\u00e4hrleisten. Ferner ber\u00fccksichtigen wir den Schutz personenbezogener Daten bereits bei der Entwicklung bzw. Auswahl von Hardware, Software sowie Verfahren entsprechend dem Prinzip des Datenschutzes, durch Technikgestaltung und durch datenschutzfreundliche Voreinstellungen.<\/p>\n\n\n\n<h2 class=\"wp-block-heading\" id=\"m12\">Allgemeine Informationen zur Datenspeicherung und L\u00f6schung<\/h2>\n\n\n\n<p>Wir l\u00f6schen personenbezogene Daten, die wir verarbeiten, gem\u00e4\u00df den gesetzlichen Bestimmungen, sobald die zugrundeliegenden Einwilligungen widerrufen werden oder keine weiteren rechtlichen Grundlagen f\u00fcr die Verarbeitung bestehen. Dies betrifft F\u00e4lle, in denen der urspr\u00fcngliche Verarbeitungszweck entf\u00e4llt oder die Daten nicht mehr ben\u00f6tigt werden. Ausnahmen von dieser Regelung bestehen, wenn gesetzliche Pflichten oder besondere Interessen eine l\u00e4ngere Aufbewahrung oder Archivierung der Daten erfordern.<\/p>\n\n\n\n<p>Insbesondere m\u00fcssen Daten, die aus handels- oder steuerrechtlichen Gr\u00fcnden aufbewahrt werden m\u00fcssen oder deren Speicherung notwendig ist zur Rechtsverfolgung oder zum Schutz der Rechte anderer nat\u00fcrlicher oder juristischer Personen, entsprechend archiviert werden.<\/p>\n\n\n\n<p>Unsere Datenschutzhinweise enthalten zus\u00e4tzliche Informationen zur Aufbewahrung und L\u00f6schung von Daten, die speziell f\u00fcr bestimmte Verarbeitungsprozesse gelten.<\/p>\n\n\n\n<p>Bei mehreren Angaben zur Aufbewahrungsdauer oder L\u00f6schungsfristen eines Datums, ist stets die l\u00e4ngste Frist ma\u00dfgeblich.<\/p>\n\n\n\n<p>Beginnt eine Frist nicht ausdr\u00fccklich zu einem bestimmten Datum und betr\u00e4gt sie mindestens ein Jahr, so startet sie automatisch am Ende des Kalenderjahres, in dem das fristausl\u00f6sende Ereignis eingetreten ist. Im Fall laufender Vertragsverh\u00e4ltnisse, in deren Rahmen Daten gespeichert werden, ist das fristausl\u00f6sende Ereignis der Zeitpunkt des Wirksamwerdens der K\u00fcndigung oder sonstige Beendigung des Rechtsverh\u00e4ltnisses.<\/p>\n\n\n\n<p>Daten, die nicht mehr f\u00fcr den urspr\u00fcnglich vorgesehenen Zweck, sondern aufgrund gesetzlicher Vorgaben oder anderer Gr\u00fcnde aufbewahrt werden, verarbeiten wir ausschlie\u00dflich zu den Gr\u00fcnden, die ihre Aufbewahrung rechtfertigen.<\/p>\n\n\n\n<p><strong>Weitere Hinweise zu Verarbeitungsprozessen, Verfahren und Diensten:<\/strong><\/p>\n\n\n\n<ul class=\"wp-block-list\">\n<li><strong>Aufbewahrung und L\u00f6schung von Daten: <\/strong>Die folgenden allgemeinen Fristen gelten gem\u00e4\u00df \u00f6sterreichischem Recht f\u00fcr die Aufbewahrung und Archivierung:\n<ul class=\"wp-block-list\">\n<li>10 Jahre &#8211; Aufbewahrungsfrist f\u00fcr B\u00fccher und Aufzeichnungen, Jahresabschl\u00fcsse, Inventare, Lageberichte, Er\u00f6ffnungsbilanzen, Buchungsbelege und Rechnungen sowie alle erforderlichen Arbeitsanweisungen und sonstigen Organisationsunterlagen (Bundesabgabenordnung (BAO \u00a7132), Unternehmensgesetzbuch (UGB \u00a7\u00a7190-212)).<\/li>\n\n\n\n<li>6 Jahre &#8211; Sonstige Gesch\u00e4ftsunterlagen: Erhaltene Handels- oder Gesch\u00e4ftsbriefe, Kopien der versendeten Handels- oder Gesch\u00e4ftsbriefe und andere Unterlagen, sofern sie f\u00fcr die Steuer relevant sind. Dazu geh\u00f6ren beispielsweise Stundenlohnscheine, Betriebsabrechnungsb\u00f6gen, Kalkulationsunterlagen, Preisauszeichnungen und Lohnabrechnungsunterlagen, sofern sie nicht bereits Buchungsbelege und Kassenstreifen sind (Bundesabgabenordnung (BAO \u00a7132), Unternehmensgesetzbuch (UGB \u00a7\u00a7190-212)).<\/li>\n\n\n\n<li>3 Jahre &#8211; Daten, die erforderlich sind, um potenzielle Gew\u00e4hrleistungs- und Schadensersatzanspr\u00fcche oder \u00e4hnliche vertragliche Anspr\u00fcche und Rechte zu ber\u00fccksichtigen sowie damit verbundene Anfragen zu bearbeiten, basierend auf fr\u00fcheren Gesch\u00e4ftserfahrungen und \u00fcblichen Branchenpraktiken, werden f\u00fcr die Dauer der regul\u00e4ren gesetzlichen Verj\u00e4hrungsfrist von drei Jahren gespeichert (\u00a7\u00a7 1478, 1480 ABGB).<\/li>\n<\/ul>\n<\/li>\n<\/ul>\n\n\n\n<h2 class=\"wp-block-heading\" id=\"m10\">Rechte der betroffenen Personen<\/h2>\n\n\n\n<p>Rechte der betroffenen Personen aus der DSGVO: Ihnen stehen als Betroffene nach der DSGVO verschiedene Rechte zu, die sich insbesondere aus Art. 15 bis 21 DSGVO ergeben:<\/p>\n\n\n\n<ul class=\"wp-block-list\">\n<li><strong>Widerspruchsrecht: Sie haben das Recht, aus Gr\u00fcnden, die sich aus Ihrer besonderen Situation ergeben, jederzeit gegen die Verarbeitung der Sie betreffenden personenbezogenen Daten, die aufgrund von Art. 6 Abs. 1 lit. e oder f DSGVO erfolgt, Widerspruch einzulegen; dies gilt auch f\u00fcr ein auf diese Bestimmungen gest\u00fctztes Profiling. Werden die Sie betreffenden personenbezogenen Daten verarbeitet, um Direktwerbung zu betreiben, haben Sie das Recht, jederzeit Widerspruch gegen die Verarbeitung der Sie betreffenden personenbezogenen Daten zum Zwecke derartiger Werbung einzulegen; dies gilt auch f\u00fcr das Profiling, soweit es mit solcher Direktwerbung in Verbindung steht.<\/strong><\/li>\n\n\n\n<li><strong>Widerrufsrecht bei Einwilligungen:<\/strong> Sie haben das Recht, erteilte Einwilligungen jederzeit zu widerrufen.<\/li>\n\n\n\n<li><strong>Auskunftsrecht:<\/strong> Sie haben das Recht, eine Best\u00e4tigung dar\u00fcber zu verlangen, ob betreffende Daten verarbeitet werden und auf Auskunft \u00fcber diese Daten sowie auf weitere Informationen und Kopie der Daten entsprechend den gesetzlichen Vorgaben.<\/li>\n\n\n\n<li><strong>Recht auf Berichtigung:<\/strong> Sie haben entsprechend den gesetzlichen Vorgaben das Recht, die Vervollst\u00e4ndigung der Sie betreffenden Daten oder die Berichtigung der Sie betreffenden unrichtigen Daten zu verlangen.<\/li>\n\n\n\n<li><strong>Recht auf L\u00f6schung und Einschr\u00e4nkung der Verarbeitung:<\/strong> Sie haben nach Ma\u00dfgabe der gesetzlichen Vorgaben das Recht, zu verlangen, dass Sie betreffende Daten unverz\u00fcglich gel\u00f6scht werden, bzw. alternativ nach Ma\u00dfgabe der gesetzlichen Vorgaben eine Einschr\u00e4nkung der Verarbeitung der Daten zu verlangen.<\/li>\n\n\n\n<li><strong>Recht auf Daten\u00fcbertragbarkeit:<\/strong> Sie haben das Recht, Sie betreffende Daten, die Sie uns bereitgestellt haben, nach Ma\u00dfgabe der gesetzlichen Vorgaben in einem strukturierten, g\u00e4ngigen und maschinenlesbaren Format zu erhalten oder deren \u00dcbermittlung an einen anderen Verantwortlichen zu fordern.<\/li>\n\n\n\n<li><strong>Beschwerde bei Aufsichtsbeh\u00f6rde:<\/strong> Sie haben unbeschadet eines anderweitigen verwaltungsrechtlichen oder gerichtlichen Rechtsbehelfs das Recht auf Beschwerde bei einer Aufsichtsbeh\u00f6rde, insbesondere in dem Mitgliedstaat ihres gew\u00f6hnlichen Aufenthaltsorts, ihres Arbeitsplatzes oder des Orts des mutma\u00dflichen Versto\u00dfes, wenn Sie der Ansicht sind, dass die Verarbeitung der Sie betreffenden personenbezogenen Daten gegen die Vorgaben der DSGVO verst\u00f6\u00dft.<\/li>\n<\/ul>\n\n\n\n<h2 class=\"wp-block-heading\" id=\"m15\">\u00c4nderung und Aktualisierung<\/h2>\n\n\n\n<p>Wir bitten Sie, sich regelm\u00e4\u00dfig \u00fcber den Inhalt unserer Datenschutzerkl\u00e4rung zu informieren. Wir passen die Datenschutzerkl\u00e4rung an, sobald die \u00c4nderungen der von uns durchgef\u00fchrten Datenverarbeitungen dies erforderlich machen. Wir informieren Sie, sobald durch die \u00c4nderungen eine Mitwirkungshandlung Ihrerseits (z.&nbsp;B. Einwilligung) oder eine sonstige individuelle Benachrichtigung erforderlich wird.<\/p>\n\n\n\n<p>Sofern wir in dieser Datenschutzerkl\u00e4rung Adressen und Kontaktinformationen von Unternehmen und Organisationen angeben, bitten wir zu beachten, dass die Adressen sich \u00fcber die Zeit \u00e4ndern k\u00f6nnen und bitten die Angaben vor Kontaktaufnahme zu pr\u00fcfen.<\/p>\n\n\n\n<p><a href=\"https:\/\/datenschutz-generator.de\/\" target=\"_blank\" rel=\"noreferrer noopener\">Erstellt mit kostenlosem Datenschutz-Generator.de von Dr. Thomas Schwenke<\/a><\/p>\n","protected":false},"excerpt":{"rendered":"<p>Stand: 16. Mai 2024 Verantwortlicher Katharina GreineckerNiederprisching 12,4614 Marchtrenk E-Mail-Adresse: greinecker.k@hlw.kslinz.at Impressum: https:\/\/greinecker-k.web.kslinz.at\/greineckerk2024\/index.php\/298-2\/ \u00dcbersicht der Verarbeitungen Die nachfolgende \u00dcbersicht fasst die Arten der verarbeiteten Daten und die Zwecke ihrer Verarbeitung zusammen und verweist auf die betroffenen Personen. Arten der verarbeiteten Daten Kategorien betroffener Personen Zwecke der Verarbeitung Ma\u00dfgebliche Rechtsgrundlagen Ma\u00dfgebliche Rechtsgrundlagen nach der DSGVO: Im [&hellip;]<\/p>\n","protected":false},"author":1,"featured_media":0,"parent":0,"menu_order":0,"comment_status":"closed","ping_status":"closed","template":"","meta":{"_uag_custom_page_level_css":"","pgc_sgb_lightbox_settings":"","footnotes":""},"class_list":["post-413","page","type-page","status-publish","hentry"],"uagb_featured_image_src":{"full":false,"thumbnail":false,"medium":false,"medium_large":false,"large":false,"1536x1536":false,"2048x2048":false},"uagb_author_info":{"display_name":"admin","author_link":"https:\/\/greinecker-k.web.kslinz.at\/greineckerk2024\/index.php\/author\/greineckerk_r4sgd6ea\/"},"uagb_comment_info":0,"uagb_excerpt":"Stand: 16. Mai 2024 Verantwortlicher Katharina GreineckerNiederprisching 12,4614 Marchtrenk E-Mail-Adresse: greinecker.k@hlw.kslinz.at Impressum: https:\/\/greinecker-k.web.kslinz.at\/greineckerk2024\/index.php\/298-2\/ \u00dcbersicht der Verarbeitungen Die nachfolgende \u00dcbersicht fasst die Arten der verarbeiteten Daten und die Zwecke ihrer Verarbeitung zusammen und verweist auf die betroffenen Personen. Arten der verarbeiteten Daten Kategorien betroffener Personen Zwecke der Verarbeitung Ma\u00dfgebliche Rechtsgrundlagen Ma\u00dfgebliche Rechtsgrundlagen nach der DSGVO: Im&hellip;","_links":{"self":[{"href":"https:\/\/greinecker-k.web.kslinz.at\/greineckerk2024\/index.php\/wp-json\/wp\/v2\/pages\/413","targetHints":{"allow":["GET"]}}],"collection":[{"href":"https:\/\/greinecker-k.web.kslinz.at\/greineckerk2024\/index.php\/wp-json\/wp\/v2\/pages"}],"about":[{"href":"https:\/\/greinecker-k.web.kslinz.at\/greineckerk2024\/index.php\/wp-json\/wp\/v2\/types\/page"}],"author":[{"embeddable":true,"href":"https:\/\/greinecker-k.web.kslinz.at\/greineckerk2024\/index.php\/wp-json\/wp\/v2\/users\/1"}],"replies":[{"embeddable":true,"href":"https:\/\/greinecker-k.web.kslinz.at\/greineckerk2024\/index.php\/wp-json\/wp\/v2\/comments?post=413"}],"version-history":[{"count":2,"href":"https:\/\/greinecker-k.web.kslinz.at\/greineckerk2024\/index.php\/wp-json\/wp\/v2\/pages\/413\/revisions"}],"predecessor-version":[{"id":450,"href":"https:\/\/greinecker-k.web.kslinz.at\/greineckerk2024\/index.php\/wp-json\/wp\/v2\/pages\/413\/revisions\/450"}],"wp:attachment":[{"href":"https:\/\/greinecker-k.web.kslinz.at\/greineckerk2024\/index.php\/wp-json\/wp\/v2\/media?parent=413"}],"curies":[{"name":"wp","href":"https:\/\/api.w.org\/{rel}","templated":true}]}}